{"id":477,"date":"2019-10-30T12:47:49","date_gmt":"2019-10-30T12:47:49","guid":{"rendered":"https:\/\/www.collabdays.org\/2026-portugal\/?page_id=477"},"modified":"2026-05-11T08:53:20","modified_gmt":"2026-05-11T07:53:20","slug":"location","status":"publish","type":"page","link":"https:\/\/www.collabdays.org\/2026-portugal\/location\/","title":{"rendered":"Location"},"content":{"rendered":"<p>[et_pb_section fb_built=&#8221;1&#8243; admin_label=&#8221;Section&#8221; module_id=&#8221;barbers&#8221; _builder_version=&#8221;4.27.4&#8243; background_color=&#8221;#231f20&#8243; use_background_color_gradient=&#8221;on&#8221; background_image=&#8221;https:\/\/www.collabdays.org\/2026-portugal\/wp-content\/uploads\/sites\/95\/2025\/12\/nick-karvounis-Prb-sjOUBFs-unsplash-scaled.jpg&#8221; transparent_background=&#8221;off&#8221; make_fullwidth=&#8221;off&#8221; use_custom_width=&#8221;off&#8221; width_unit=&#8221;on&#8221; saved_tabs=&#8221;all&#8221; locked=&#8221;off&#8221; global_colors_info=&#8221;{}&#8221;][et_pb_row admin_label=&#8221;Row&#8221; _builder_version=&#8221;4.16&#8243; background_color=&#8221;rgba(0,0,0,0.65)&#8221; background_size=&#8221;initial&#8221; background_position=&#8221;top_left&#8221; background_repeat=&#8221;repeat&#8221; min_height=&#8221;113px&#8221; custom_padding=&#8221;0px||0px|&#8221; make_fullwidth=&#8221;off&#8221; use_custom_width=&#8221;off&#8221; width_unit=&#8221;on&#8221; global_colors_info=&#8221;{}&#8221;][et_pb_column type=&#8221;4_4&#8243; _builder_version=&#8221;4.16&#8243; custom_padding=&#8221;|||&#8221; global_colors_info=&#8221;{}&#8221; custom_padding__hover=&#8221;|||&#8221;][et_pb_text admin_label=&#8221;Meet your Barbers&#8221; _builder_version=&#8221;4.20.1&#8243; text_text_color=&#8221;#E02B20&#8243; header_text_color=&#8221;#FFFFFF&#8221; background_size=&#8221;initial&#8221; background_position=&#8221;top_left&#8221; background_repeat=&#8221;repeat&#8221; text_orientation=&#8221;center&#8221; background_layout=&#8221;dark&#8221; module_alignment=&#8221;center&#8221; custom_margin=&#8221;40px|||||&#8221; use_border_color=&#8221;off&#8221; border_color=&#8221;#ffffff&#8221; border_style=&#8221;solid&#8221; global_colors_info=&#8221;{}&#8221;]<\/p>\n<h1 style=\"text-align: center\">LOCATION<\/h1>\n<p>[\/et_pb_text][\/et_pb_column][\/et_pb_row][\/et_pb_section][et_pb_section fb_built=&#8221;1&#8243; admin_label=&#8221;Section&#8221; _builder_version=&#8221;4.16&#8243; background_enable_image=&#8221;off&#8221; parallax=&#8221;on&#8221; parallax_method=&#8221;off&#8221; transparent_background=&#8221;off&#8221; make_fullwidth=&#8221;off&#8221; use_custom_width=&#8221;off&#8221; width_unit=&#8221;on&#8221; global_colors_info=&#8221;{}&#8221;][et_pb_row _builder_version=&#8221;4.16&#8243; global_colors_info=&#8221;{}&#8221;][et_pb_column type=&#8221;4_4&#8243; _builder_version=&#8221;4.16&#8243; global_colors_info=&#8221;{}&#8221;][et_pb_text _builder_version=&#8221;4.27.4&#8243; custom_padding=&#8221;||0px|||&#8221; global_colors_info=&#8221;{}&#8221;]CollabDays Portugal 2026 &#8211; Porto Edition will take place at the ANJE, in Porto.<\/p>\n<p><strong>ANJE &#8211; Associa\u00e7\u00e3o Nacional de Jovens Empres\u00e1rios<\/strong><strong><a><br \/>\nR. de Paulo da Gama<br \/>\n4169-006 Porto<br \/>\nPortugal<br \/>\n<\/a><br \/>\n<\/strong>[\/et_pb_text][\/et_pb_column][\/et_pb_row][et_pb_row _builder_version=&#8221;4.16&#8243; global_colors_info=&#8221;{}&#8221;][et_pb_column type=&#8221;4_4&#8243; _builder_version=&#8221;4.16&#8243; global_colors_info=&#8221;{}&#8221;][et_pb_code _builder_version=&#8221;4.27.4&#8243; global_colors_info=&#8221;{}&#8221;]<\/p>\n<div id=\"map-ANJE\"><!-- [et_pb_line_break_holder] -->  <!-- [et_pb_line_break_holder] --><\/div>\n<p>[\/et_pb_code][\/et_pb_column][\/et_pb_row][et_pb_row column_structure=&#8221;1_3,1_3,1_3&#8243; _builder_version=&#8221;4.20.1&#8243; _module_preset=&#8221;default&#8221; global_colors_info=&#8221;{}&#8221;][et_pb_column type=&#8221;1_3&#8243; _builder_version=&#8221;4.20.1&#8243; _module_preset=&#8221;default&#8221; global_colors_info=&#8221;{}&#8221;][et_pb_image src=&#8221;https:\/\/www.collabdays.org\/2026-portugal\/wp-content\/uploads\/sites\/95\/2026\/05\/ANJE3.png&#8221; title_text=&#8221;ANJE3&#8243; _builder_version=&#8221;4.27.4&#8243; _module_preset=&#8221;default&#8221; global_colors_info=&#8221;{}&#8221;][\/et_pb_image][et_pb_image src=&#8221;https:\/\/www.collabdays.org\/2026-portugal\/wp-content\/uploads\/sites\/95\/2026\/05\/ANJE4.png&#8221; title_text=&#8221;ANJE4&#8243; _builder_version=&#8221;4.27.4&#8243; _module_preset=&#8221;default&#8221; global_colors_info=&#8221;{}&#8221;][\/et_pb_image][\/et_pb_column][et_pb_column type=&#8221;1_3&#8243; _builder_version=&#8221;4.20.1&#8243; _module_preset=&#8221;default&#8221; global_colors_info=&#8221;{}&#8221;][et_pb_image src=&#8221;https:\/\/www.collabdays.org\/2026-portugal\/wp-content\/uploads\/sites\/95\/2026\/05\/ANJE1.png&#8221; title_text=&#8221;ANJE1&#8243; _builder_version=&#8221;4.27.4&#8243; _module_preset=&#8221;default&#8221; global_colors_info=&#8221;{}&#8221;][\/et_pb_image][et_pb_image src=&#8221;https:\/\/www.collabdays.org\/2026-portugal\/wp-content\/uploads\/sites\/95\/2026\/05\/ANJE5.png&#8221; title_text=&#8221;ANJE5&#8243; _builder_version=&#8221;4.27.4&#8243; _module_preset=&#8221;default&#8221; global_colors_info=&#8221;{}&#8221;][\/et_pb_image][\/et_pb_column][et_pb_column type=&#8221;1_3&#8243; _builder_version=&#8221;4.20.1&#8243; _module_preset=&#8221;default&#8221; global_colors_info=&#8221;{}&#8221;][et_pb_image src=&#8221;https:\/\/www.collabdays.org\/2026-portugal\/wp-content\/uploads\/sites\/95\/2026\/05\/ANJE2.png&#8221; title_text=&#8221;ANJE2&#8243; _builder_version=&#8221;4.27.4&#8243; _module_preset=&#8221;default&#8221; global_colors_info=&#8221;{}&#8221;][\/et_pb_image][et_pb_image src=&#8221;https:\/\/www.collabdays.org\/2026-portugal\/wp-content\/uploads\/sites\/95\/2026\/05\/ANJE6.png&#8221; title_text=&#8221;ANJE6&#8243; _builder_version=&#8221;4.27.4&#8243; _module_preset=&#8221;default&#8221; global_colors_info=&#8221;{}&#8221;][\/et_pb_image][\/et_pb_column][\/et_pb_row][et_pb_row _builder_version=&#8221;4.20.1&#8243; _module_preset=&#8221;default&#8221; global_colors_info=&#8221;{}&#8221;][et_pb_column type=&#8221;4_4&#8243; _builder_version=&#8221;4.20.1&#8243; _module_preset=&#8221;default&#8221; global_colors_info=&#8221;{}&#8221;][et_pb_text _builder_version=&#8221;4.27.4&#8243; _module_preset=&#8221;default&#8221; global_colors_info=&#8221;{}&#8221;]<\/p>\n<h2 class=\"wp-block-heading\">How to get there?<\/h2>\n<p>&nbsp;<\/p>\n<h3 class=\"wp-block-heading\">\u2708\ufe0f By Plane<\/h3>\n<p data-start=\"886\" data-end=\"909\">The closest airport is:<\/p>\n<h4 data-section-id=\"mahxp7\" data-start=\"911\" data-end=\"952\"><span class=\"hover:entity-accent entity-underline inline cursor-pointer align-baseline\"><span class=\"whitespace-normal\">Francisco S\u00e1 Carneiro Airport<\/span><\/span><\/h4>\n<p data-start=\"954\" data-end=\"999\">From the airport, you can reach the venue by:<\/p>\n<ul>\n<li style=\"list-style-type: none\">\n<ul data-start=\"1001\" data-end=\"1038\">\n<li data-section-id=\"1x98cgz\" data-start=\"1001\" data-end=\"1019\">Metro + bus\/tram<\/li>\n<li data-section-id=\"1j4cxzg\" data-start=\"1020\" data-end=\"1026\">Taxi<\/li>\n<li data-section-id=\"jyzouq\" data-start=\"1027\" data-end=\"1038\">Uber\/Bolt<\/li>\n<\/ul>\n<\/li>\n<\/ul>\n<p data-start=\"1040\" data-end=\"1077\">Estimated travel time: 25\u201335 minutes.<\/p>\n<p data-start=\"1040\" data-end=\"1077\">\n<p data-start=\"1040\" data-end=\"1077\">\n<h3 class=\"wp-block-heading\">\ud83d\ude87 Metro (subway) &amp; BUS<\/h3>\n<p data-start=\"1103\" data-end=\"1174\">You can reach the Foz area using Porto\u2019s public transportation network:<\/p>\n<ul>\n<li style=\"list-style-type: none\">\n<ul data-start=\"1176\" data-end=\"1287\">\n<li data-section-id=\"bkrl4\" data-start=\"1176\" data-end=\"1201\">Metro to Casa da M\u00fasica<\/li>\n<li data-section-id=\"yni4jt\" data-start=\"1202\" data-end=\"1239\">Bus connections toward Foz do Douro<\/li>\n<li data-section-id=\"1g3z9df\" data-start=\"1240\" data-end=\"1287\">Historic tram lines are also available nearby<\/li>\n<\/ul>\n<\/li>\n<\/ul>\n<p data-start=\"1289\" data-end=\"1308\">We recommend using:<\/p>\n<ul>\n<li style=\"list-style-type: none\">\n<ul data-start=\"1310\" data-end=\"1441\">\n<li data-section-id=\"1ursmos\" data-start=\"1310\" data-end=\"1381\"><a data-start=\"1312\" data-end=\"1381\" rel=\"noopener\" target=\"_new\" class=\"decorated-link\" href=\"https:\/\/www.metrodoporto.pt\">Metro do Porto<span aria-hidden=\"true\" class=\"ms-0.5 inline-block align-middle leading-none\"><\/span><\/a><\/li>\n<li data-section-id=\"1f42bmy\" data-start=\"1382\" data-end=\"1441\"><a data-start=\"1384\" data-end=\"1441\" rel=\"noopener\" target=\"_new\" class=\"decorated-link\" href=\"https:\/\/www.stcp.pt\">STCP Porto<\/a><\/li>\n<\/ul>\n<\/li>\n<\/ul>\n<p>&nbsp;<\/p>\n<p>&nbsp;<\/p>\n<h3 class=\"wp-block-heading\">\ud83d\ude99 By Car<\/h3>\n<p data-start=\"1459\" data-end=\"1552\">Parking is available in the surrounding streets and nearby parking areas around Foz do Douro.<\/p>\n<p data-start=\"1554\" data-end=\"1633\">We recommend arriving early, as parking availability may vary during the event.<\/p>\n<p data-start=\"1554\" data-end=\"1633\">\n<p data-start=\"1554\" data-end=\"1633\">\n<p data-start=\"1554\" data-end=\"1633\">\n<h3 class=\"wp-block-heading\">\ud83c\udfe8 Where to stay?<\/h3>\n<p data-start=\"1657\" data-end=\"1714\">Recommended accommodation options near the venue include:<\/p>\n<ul>\n<li style=\"list-style-type: none\">\n<ul data-start=\"1716\" data-end=\"1835\">\n<li data-section-id=\"btvcid\" data-start=\"1716\" data-end=\"1755\"><span class=\"\" data-state=\"closed\"><span><span class=\"hover:entity-accent entity-underline inline cursor-pointer align-baseline\"><span class=\"whitespace-normal\">Hotel Boa-Vista<\/span><\/span><\/span><\/span><\/li>\n<li data-section-id=\"u21111\" data-start=\"1756\" data-end=\"1795\"><span class=\"\" data-state=\"closed\"><span><span class=\"hover:entity-accent entity-underline inline cursor-pointer align-baseline\"><span class=\"whitespace-normal\">HF Ipanema Park<\/span><\/span><\/span><\/span><\/li>\n<li data-section-id=\"1j40yc5\" data-start=\"1796\" data-end=\"1835\"><span class=\"\" data-state=\"closed\"><span><span class=\"hover:entity-accent entity-underline inline cursor-pointer align-baseline\"><span class=\"whitespace-normal\">Vila Foz Hotel &amp; SPA<br \/><\/span><\/span><\/span><\/span><\/li>\n<\/ul>\n<\/li>\n<\/ul>\n<p><span class=\"\" data-state=\"closed\"><span><span class=\"hover:entity-accent entity-underline inline cursor-pointer align-baseline\"><span class=\"whitespace-normal\"><\/span><\/span><\/span><\/span><\/p>\n<p><span class=\"\" data-state=\"closed\"><span><span class=\"hover:entity-accent entity-underline inline cursor-pointer align-baseline\"><span class=\"whitespace-normal\"><\/span><\/span><\/span><\/span><\/p>\n<h3 class=\"wp-block-heading\">\ud83d\udd0d Explore Porto<\/h3>\n<p data-start=\"1859\" data-end=\"2011\">Porto is one of Europe\u2019s most vibrant and historic cities, known for its riverside atmosphere, iconic bridges, amazing food, and world-famous Port wine.<\/p>\n<p data-start=\"2013\" data-end=\"2149\">If you\u2019re visiting from outside Porto, consider extending your stay and enjoying the city\u2019s culture, gastronomy, and Atlantic coastline.<\/p>\n<p data-start=\"2151\" data-end=\"2164\">Useful links:<\/p>\n<ul>\n<li style=\"list-style-type: none\">\n<ul data-start=\"2166\" data-end=\"2306\">\n<li data-section-id=\"1eloeft\" data-start=\"2166\" data-end=\"2232\"><a data-start=\"2168\" data-end=\"2232\" rel=\"noopener\" target=\"_new\" class=\"decorated-link\" href=\"https:\/\/visitporto.travel\">Visit Porto<span aria-hidden=\"true\" class=\"ms-0.5 inline-block align-middle leading-none\"><\/span><\/a><\/li>\n<li data-section-id=\"1kfslfd\" data-start=\"2233\" data-end=\"2306\"><a data-start=\"2235\" data-end=\"2306\" rel=\"noopener\" target=\"_new\" class=\"decorated-link\" href=\"https:\/\/www.visitportugal.com\">Visit Portugal<\/a><\/li>\n<\/ul>\n<\/li>\n<\/ul>\n<p>[\/et_pb_text][\/et_pb_column][\/et_pb_row][\/et_pb_section]<\/p>\n","protected":false},"excerpt":{"rendered":"<p>LOCATION CollabDays Portugal 2026 &#8211; Porto Edition will take place at the ANJE, in Porto. ANJE &#8211; Associa\u00e7\u00e3o Nacional de Jovens Empres\u00e1rios R. de Paulo da Gama 4169-006 Porto Portugal How to get there? &nbsp; \u2708\ufe0f By Plane The closest airport is: Francisco S\u00e1 Carneiro Airport From the airport, you can reach the venue by: [&hellip;]<\/p>\n","protected":false},"author":1,"featured_media":0,"parent":0,"menu_order":0,"comment_status":"closed","ping_status":"closed","template":"","meta":{"_et_pb_use_builder":"on","_et_pb_old_content":"","_et_gb_content_width":"","footnotes":""},"class_list":["post-477","page","type-page","status-publish","hentry"],"_links":{"self":[{"href":"https:\/\/www.collabdays.org\/2026-portugal\/wp-json\/wp\/v2\/pages\/477"}],"collection":[{"href":"https:\/\/www.collabdays.org\/2026-portugal\/wp-json\/wp\/v2\/pages"}],"about":[{"href":"https:\/\/www.collabdays.org\/2026-portugal\/wp-json\/wp\/v2\/types\/page"}],"author":[{"embeddable":true,"href":"https:\/\/www.collabdays.org\/2026-portugal\/wp-json\/wp\/v2\/users\/1"}],"replies":[{"embeddable":true,"href":"https:\/\/www.collabdays.org\/2026-portugal\/wp-json\/wp\/v2\/comments?post=477"}],"version-history":[{"count":60,"href":"https:\/\/www.collabdays.org\/2026-portugal\/wp-json\/wp\/v2\/pages\/477\/revisions"}],"predecessor-version":[{"id":2358,"href":"https:\/\/www.collabdays.org\/2026-portugal\/wp-json\/wp\/v2\/pages\/477\/revisions\/2358"}],"wp:attachment":[{"href":"https:\/\/www.collabdays.org\/2026-portugal\/wp-json\/wp\/v2\/media?parent=477"}],"curies":[{"name":"wp","href":"https:\/\/api.w.org\/{rel}","templated":true}]}}