{"id":438,"date":"2019-10-30T11:31:59","date_gmt":"2019-10-30T11:31:59","guid":{"rendered":"https:\/\/www.collabdays.org\/2021-belgium\/?page_id=438"},"modified":"2023-03-29T16:26:30","modified_gmt":"2023-03-29T21:26:30","slug":"register","status":"publish","type":"page","link":"https:\/\/www.collabdays.org\/2023-montreal\/register\/","title":{"rendered":"Inscription"},"content":{"rendered":"<p>[et_pb_section fb_built=&#8221;1&#8243; admin_label=&#8221;Section&#8221; module_id=&#8221;barbers&#8221; _builder_version=&#8221;4.16&#8243; background_color=&#8221;#231f20&#8243; transparent_background=&#8221;off&#8221; make_fullwidth=&#8221;off&#8221; use_custom_width=&#8221;off&#8221; width_unit=&#8221;on&#8221; global_colors_info=&#8221;{}&#8221;][et_pb_row admin_label=&#8221;Row&#8221; _builder_version=&#8221;4.16&#8243; background_size=&#8221;initial&#8221; background_position=&#8221;top_left&#8221; background_repeat=&#8221;repeat&#8221; custom_padding=&#8221;0px||0px|&#8221; make_fullwidth=&#8221;off&#8221; use_custom_width=&#8221;off&#8221; width_unit=&#8221;on&#8221; global_colors_info=&#8221;{}&#8221;][et_pb_column type=&#8221;4_4&#8243; _builder_version=&#8221;4.16&#8243; custom_padding=&#8221;|||&#8221; global_colors_info=&#8221;{}&#8221; custom_padding__hover=&#8221;|||&#8221;][et_pb_text admin_label=&#8221;Meet your Barbers&#8221; _builder_version=&#8221;4.16&#8243; header_text_color=&#8221;#0DA2C2&#8243; background_size=&#8221;initial&#8221; background_position=&#8221;top_left&#8221; background_repeat=&#8221;repeat&#8221; text_orientation=&#8221;center&#8221; module_alignment=&#8221;center&#8221; use_border_color=&#8221;off&#8221; border_color=&#8221;#ffffff&#8221; border_style=&#8221;solid&#8221; saved_tabs=&#8221;advanced,css&#8221; global_colors_info=&#8221;{}&#8221;]<\/p>\n<h1 style=\"text-align: center\">REGISTRATION<\/h1>\n<p>[\/et_pb_text][\/et_pb_column][\/et_pb_row][\/et_pb_section][et_pb_section fb_built=&#8221;1&#8243; _builder_version=&#8221;4.19.2&#8243; _module_preset=&#8221;default&#8221; custom_margin=&#8221;0px||0px||false|false&#8221; custom_padding=&#8221;0px|0px|0px|0px|false|false&#8221; global_colors_info=&#8221;{}&#8221;][et_pb_row _builder_version=&#8221;4.19.2&#8243; _module_preset=&#8221;default&#8221; background_color=&#8221;#ee255a&#8221; custom_margin=&#8221;20px||0px||false|false&#8221; custom_padding=&#8221;20px|20px|20px|20px|false|false&#8221; border_radii=&#8221;on|14px|14px|14px|14px&#8221; global_colors_info=&#8221;{}&#8221;][et_pb_column type=&#8221;4_4&#8243; _builder_version=&#8221;4.19.2&#8243; _module_preset=&#8221;default&#8221; global_colors_info=&#8221;{}&#8221;][et_pb_blurb image=&#8221;https:\/\/www.collabdays.org\/2023-montreal\/wp-content\/uploads\/sites\/41\/2023\/01\/run.events_vector_icon.svg&#8221; icon_placement=&#8221;left&#8221; image_icon_width=&#8221;120px&#8221; content_max_width=&#8221;100%&#8221; icon_placement_tablet=&#8221;top&#8221; icon_placement_phone=&#8221;top&#8221; icon_placement_last_edited=&#8221;on|phone&#8221; _builder_version=&#8221;4.16&#8243; _module_preset=&#8221;default&#8221; body_font=&#8221;|300|||||||&#8221; body_text_color=&#8221;#FFFFFF&#8221; body_font_size=&#8221;20px&#8221; image_icon_custom_padding_tablet=&#8221;&#8221; image_icon_custom_padding_phone=&#8221;&#8221; image_icon_custom_padding_last_edited=&#8221;on|phone&#8221; custom_margin=&#8221;0px||0px||false|false&#8221; custom_padding=&#8221;0px|0px|0px|0px|false|false&#8221; border_radii_image=&#8221;on|100px|100px|100px|100px&#8221; border_width_all_image=&#8221;8px&#8221; border_color_all_image=&#8221;#FFFFFF&#8221; border_width_all_image_tablet=&#8221;8px&#8221; border_width_all_image_phone=&#8221;8px&#8221; border_width_all_image_last_edited=&#8221;on|phone&#8221; image_max_width=&#8221;120px&#8221; global_colors_info=&#8221;{}&#8221;]<\/p>\n<p>Nous utilisons la plate-forme <strong>run.events<\/strong> pour la gestion des billets. Vous devrez cr\u00e9er un compte run.events. Apr\u00e8s votre premi\u00e8re commande de billets, vous pouvez ensuite facilement g\u00e9rer vos billets via la section \u00ab\u00a0Mes billets\u00a0\u00bb dans le menu principal: voir les achats de billets, g\u00e9rer les affectations de billets ou passer de nouvelles commandes.<\/p>\n<p>[\/et_pb_blurb][\/et_pb_column][\/et_pb_row][\/et_pb_section][et_pb_section fb_built=&#8221;1&#8243; admin_label=&#8221;Section&#8221; _builder_version=&#8221;4.16&#8243; background_enable_color=&#8221;off&#8221; background_enable_image=&#8221;off&#8221; parallax=&#8221;on&#8221; parallax_method=&#8221;off&#8221; custom_margin=&#8221;20px||20px||false|false&#8221; custom_padding=&#8221;0px|0px|0px|0px|false|false&#8221; transparent_background=&#8221;off&#8221; make_fullwidth=&#8221;off&#8221; use_custom_width=&#8221;off&#8221; width_unit=&#8221;on&#8221; global_colors_info=&#8221;{}&#8221;][et_pb_row _builder_version=&#8221;4.16&#8243; background_color=&#8221;#efefef&#8221; custom_margin=&#8221;0px||0px||false|false&#8221; custom_padding=&#8221;20px|20px|20px|20px|false|false&#8221; border_radii=&#8221;on|16px|16px|16px|16px&#8221; global_colors_info=&#8221;{}&#8221;][et_pb_column type=&#8221;4_4&#8243; _builder_version=&#8221;4.16&#8243; global_colors_info=&#8221;{}&#8221;][et_pb_code _builder_version=&#8221;4.20.1&#8243; hover_enabled=&#8221;0&#8243; global_colors_info=&#8221;{}&#8221; sticky_enabled=&#8221;0&#8243;]<runevents-tickets <!-- [et_pb_line_break_holder] -->    slug=&#8221;collabdays-montreal-2023&#8243; <!-- [et_pb_line_break_holder] -->    api-url=&#8221;https:\/\/api.run.events\/api&#8221; <!-- [et_pb_line_break_holder] -->    checkout-url=&#8221;https:\/\/e.run.events\/collabdays-montreal-2023\/checkout&#8221; <!-- [et_pb_line_break_holder] -->    label-available-tickets=&#8221;S\u00e9lectionner le nombre de billets&#8221;<!-- [et_pb_line_break_holder] -->    label-checkout = &#8220;Terminer&#8221;<!-- [et_pb_line_break_holder] -->    label-order-summary = &#8220;Sommaire&#8221;<!-- [et_pb_line_break_holder] -->    label-apply = &#8220;Appliquer&#8221;<!-- [et_pb_line_break_holder] -->    label-redirected = &#8220;Redore&#8221;<!-- [et_pb_line_break_holder] -->    use-net-price=&#8221;false&#8221; \/>[\/et_pb_code][\/et_pb_column][\/et_pb_row][\/et_pb_section]<\/p>\n","protected":false},"excerpt":{"rendered":"<p>REGISTRATIONNous utilisons la plate-forme run.events pour la gestion des billets. Vous devrez cr\u00e9er un compte run.events. Apr\u00e8s votre premi\u00e8re commande de billets, vous pouvez ensuite facilement g\u00e9rer vos billets via la section \u00ab\u00a0Mes billets\u00a0\u00bb dans le menu principal: voir les achats de billets, g\u00e9rer les affectations de billets ou passer de nouvelles commandes.<\/p>\n","protected":false},"author":1,"featured_media":0,"parent":0,"menu_order":0,"comment_status":"closed","ping_status":"closed","template":"","meta":{"_et_pb_use_builder":"on","_et_pb_old_content":"","_et_gb_content_width":"","footnotes":""},"class_list":["post-438","page","type-page","status-publish","hentry"],"_links":{"self":[{"href":"https:\/\/www.collabdays.org\/2023-montreal\/wp-json\/wp\/v2\/pages\/438"}],"collection":[{"href":"https:\/\/www.collabdays.org\/2023-montreal\/wp-json\/wp\/v2\/pages"}],"about":[{"href":"https:\/\/www.collabdays.org\/2023-montreal\/wp-json\/wp\/v2\/types\/page"}],"author":[{"embeddable":true,"href":"https:\/\/www.collabdays.org\/2023-montreal\/wp-json\/wp\/v2\/users\/1"}],"replies":[{"embeddable":true,"href":"https:\/\/www.collabdays.org\/2023-montreal\/wp-json\/wp\/v2\/comments?post=438"}],"version-history":[{"count":39,"href":"https:\/\/www.collabdays.org\/2023-montreal\/wp-json\/wp\/v2\/pages\/438\/revisions"}],"predecessor-version":[{"id":278328,"href":"https:\/\/www.collabdays.org\/2023-montreal\/wp-json\/wp\/v2\/pages\/438\/revisions\/278328"}],"wp:attachment":[{"href":"https:\/\/www.collabdays.org\/2023-montreal\/wp-json\/wp\/v2\/media?parent=438"}],"curies":[{"name":"wp","href":"https:\/\/api.w.org\/{rel}","templated":true}]}}